{"id":12,"date":"2021-10-21T16:07:41","date_gmt":"2021-10-21T14:07:41","guid":{"rendered":"http:\/\/sabrinamartin-artisanfleur.com\/?page_id=12"},"modified":"2026-02-05T12:45:39","modified_gmt":"2026-02-05T11:45:39","slug":"home","status":"publish","type":"page","link":"https:\/\/sabrinamartin-artisanfleur.com\/","title":{"rendered":"Sabrina Martin"},"content":{"rendered":"\n<p><\/p>\n\n\n\n<p>V\u00e9ritablement passionn\u00e9e par mon m\u00e9tier depuis 1999, j\u2019ai obtenu mon CAP et mon BP \u00e0 l\u2019\u00e9cole des fleuristes de Paris.<br><\/p>\n\n\n\n<p>J\u2019ai pu d\u00e9couvrir diff\u00e9rentes approches dans ce beau m\u00e9tier gr\u00e2ce aux nombreuses personnes que j&rsquo;ai pu rencontrer et avec qui j\u2019ai travaill\u00e9. Parmi elles : <em>Patricia Sieg<\/em> et <em>Gil Boyard<\/em>, meilleurs ouvriers de France, ainsi que <em>Jean-Michel Mertens<\/em>, champion du monde des fleuristes.<br><\/p>\n\n\n\n<p>Au travers de ces grands artistes et de nombreux concours, j\u2019ai enrichi mon travail et mon envie de cr\u00e9ativit\u00e9.<br><\/p>\n\n\n\n<p>C\u2019est pour cela qu\u2019aujourd\u2019hui je me lance ce nouveau d\u00e9fi afin de vous satisfaire et d\u2019\u00eatre au plus pr\u00e8s de vos demandes tout au long des \u00e9v\u00e9nements de votre vie.<\/p>\n\n\n\n<p><\/p>\n","protected":false},"excerpt":{"rendered":"<p>V\u00e9ritablement passionn\u00e9e par mon m\u00e9tier depuis 1999, j\u2019ai obtenu mon CAP et mon BP \u00e0 l\u2019\u00e9cole des fleuristes de Paris. J\u2019ai pu d\u00e9couvrir diff\u00e9rentes approches dans ce beau m\u00e9tier gr\u00e2ce aux nombreuses personnes que j&rsquo;ai pu rencontrer et avec qui j\u2019ai travaill\u00e9. Parmi elles : Patricia Sieg et Gil Boyard, [&hellip;]<\/p>\n","protected":false},"author":2,"featured_media":0,"parent":0,"menu_order":0,"comment_status":"closed","ping_status":"closed","template":"","meta":{"spay_email":""},"_links":{"self":[{"href":"https:\/\/sabrinamartin-artisanfleur.com\/index.php?rest_route=\/wp\/v2\/pages\/12"}],"collection":[{"href":"https:\/\/sabrinamartin-artisanfleur.com\/index.php?rest_route=\/wp\/v2\/pages"}],"about":[{"href":"https:\/\/sabrinamartin-artisanfleur.com\/index.php?rest_route=\/wp\/v2\/types\/page"}],"author":[{"embeddable":true,"href":"https:\/\/sabrinamartin-artisanfleur.com\/index.php?rest_route=\/wp\/v2\/users\/2"}],"replies":[{"embeddable":true,"href":"https:\/\/sabrinamartin-artisanfleur.com\/index.php?rest_route=%2Fwp%2Fv2%2Fcomments&post=12"}],"version-history":[{"count":3,"href":"https:\/\/sabrinamartin-artisanfleur.com\/index.php?rest_route=\/wp\/v2\/pages\/12\/revisions"}],"predecessor-version":[{"id":372,"href":"https:\/\/sabrinamartin-artisanfleur.com\/index.php?rest_route=\/wp\/v2\/pages\/12\/revisions\/372"}],"wp:attachment":[{"href":"https:\/\/sabrinamartin-artisanfleur.com\/index.php?rest_route=%2Fwp%2Fv2%2Fmedia&parent=12"}],"curies":[{"name":"wp","href":"https:\/\/api.w.org\/{rel}","templated":true}]}}